{"id":2,"date":"2023-11-30T22:31:56","date_gmt":"2023-12-01T01:31:56","guid":{"rendered":"https:\/\/digitalpremiumoficial.com\/?page_id=2"},"modified":"2025-11-26T21:45:08","modified_gmt":"2025-11-27T00:45:08","slug":"fimdeanoagendacheia","status":"publish","type":"page","link":"https:\/\/digitalpremiumoficial.com\/index.php\/fimdeanoagendacheia\/","title":{"rendered":"Estrat\u00e9gias fim de ano agenda cheia"},"content":{"rendered":"\t\t<div data-elementor-type=\"wp-page\" data-elementor-id=\"2\" class=\"elementor elementor-2\">\n\t\t\t\t<div class=\"elementor-element elementor-element-719088a1 e-con-full elementor-hidden-desktop elementor-hidden-tablet e-flex e-con e-parent\" data-id=\"719088a1\" data-element_type=\"container\" data-settings=\"{&quot;background_background&quot;:&quot;classic&quot;}\">\n\t\t<div class=\"elementor-element elementor-element-2762a5cd e-con-full e-flex e-con e-child\" data-id=\"2762a5cd\" data-element_type=\"container\">\n\t\t\t\t<\/div>\n\t\t<div class=\"elementor-element elementor-element-6161b244 e-con-full e-flex e-con e-child\" data-id=\"6161b244\" data-element_type=\"container\">\n\t\t\t\t<\/div>\n\t\t<div class=\"elementor-element elementor-element-5ac66f81 e-con-full e-flex e-con e-child\" data-id=\"5ac66f81\" data-element_type=\"container\">\n\t\t\t\t<div class=\"elementor-element elementor-element-23d2efa3 elementor-mobile-align-center elementor-align-center elementor-widget elementor-widget-button\" data-id=\"23d2efa3\" data-element_type=\"widget\" data-widget_type=\"button.default\">\n\t\t\t\t<div class=\"elementor-widget-container\">\n\t\t\t\t\t\t\t\t\t<div class=\"elementor-button-wrapper\">\n\t\t\t\t\t<a class=\"elementor-button elementor-button-link elementor-size-md\" href=\"https:\/\/rmempreendedorismodt.mycartpanda.com\/checkout\/203451648:1\">\n\t\t\t\t\t\t<span class=\"elementor-button-content-wrapper\">\n\t\t\t\t\t\t\t\t\t<span class=\"elementor-button-text\">QUERO ADQUIRIR<\/span>\n\t\t\t\t\t<\/span>\n\t\t\t\t\t<\/a>\n\t\t\t\t<\/div>\n\t\t\t\t\t\t\t\t<\/div>\n\t\t\t\t<\/div>\n\t\t\t\t<\/div>\n\t\t\t\t<\/div>\n\t\t<div class=\"elementor-element elementor-element-5b3e5387 elementor-hidden-mobile e-flex e-con-boxed e-con e-parent\" data-id=\"5b3e5387\" data-element_type=\"container\" data-settings=\"{&quot;background_background&quot;:&quot;classic&quot;}\">\n\t\t\t\t\t<div class=\"e-con-inner\">\n\t\t<div class=\"elementor-element elementor-element-387cc510 e-con-full e-flex e-con e-child\" data-id=\"387cc510\" data-element_type=\"container\">\n\t\t\t\t<\/div>\n\t\t<div class=\"elementor-element elementor-element-172625f4 e-con-full e-flex e-con e-child\" data-id=\"172625f4\" data-element_type=\"container\">\n\t\t\t\t<\/div>\n\t\t<div class=\"elementor-element elementor-element-ff9383d e-con-full e-flex e-con e-child\" data-id=\"ff9383d\" data-element_type=\"container\">\n\t\t\t\t<div class=\"elementor-element elementor-element-5c724ea6 elementor-mobile-align-center elementor-align-center elementor-widget elementor-widget-button\" data-id=\"5c724ea6\" data-element_type=\"widget\" data-widget_type=\"button.default\">\n\t\t\t\t<div class=\"elementor-widget-container\">\n\t\t\t\t\t\t\t\t\t<div class=\"elementor-button-wrapper\">\n\t\t\t\t\t<a class=\"elementor-button elementor-button-link elementor-size-md\" href=\"https:\/\/rmempreendedorismodt.mycartpanda.com\/checkout\/203451648:1\">\n\t\t\t\t\t\t<span class=\"elementor-button-content-wrapper\">\n\t\t\t\t\t\t\t\t\t<span class=\"elementor-button-text\">QUERO ADQUIRIR <\/span>\n\t\t\t\t\t<\/span>\n\t\t\t\t\t<\/a>\n\t\t\t\t<\/div>\n\t\t\t\t\t\t\t\t<\/div>\n\t\t\t\t<\/div>\n\t\t\t\t<\/div>\n\t\t\t\t\t<\/div>\n\t\t\t\t<\/div>\n\t\t<div class=\"elementor-element elementor-element-8daa916 e-flex e-con-boxed e-con e-parent\" data-id=\"8daa916\" data-element_type=\"container\" data-settings=\"{&quot;background_background&quot;:&quot;classic&quot;}\">\n\t\t\t\t\t<div class=\"e-con-inner\">\n\t\t\t\t<div class=\"elementor-element elementor-element-732948c elementor-widget elementor-widget-image\" data-id=\"732948c\" data-element_type=\"widget\" data-widget_type=\"image.default\">\n\t\t\t\t<div class=\"elementor-widget-container\">\n\t\t\t\t\t\t\t\t\t\t\t\t\t\t\t<img fetchpriority=\"high\" decoding=\"async\" width=\"1024\" height=\"931\" src=\"https:\/\/digitalpremiumoficial.com\/wp-content\/uploads\/2025\/11\/IMG_6086-1024x931.jpg\" class=\"attachment-large size-large wp-image-1003\" alt=\"\" srcset=\"https:\/\/digitalpremiumoficial.com\/wp-content\/uploads\/2025\/11\/IMG_6086-1024x931.jpg 1024w, https:\/\/digitalpremiumoficial.com\/wp-content\/uploads\/2025\/11\/IMG_6086-300x273.jpg 300w, https:\/\/digitalpremiumoficial.com\/wp-content\/uploads\/2025\/11\/IMG_6086-768x699.jpg 768w, https:\/\/digitalpremiumoficial.com\/wp-content\/uploads\/2025\/11\/IMG_6086.jpg 1284w\" sizes=\"(max-width: 1024px) 100vw, 1024px\" \/>\t\t\t\t\t\t\t\t\t\t\t\t\t\t\t<\/div>\n\t\t\t\t<\/div>\n\t\t\t\t<div class=\"elementor-element elementor-element-1335f681 elementor-widget elementor-widget-heading\" data-id=\"1335f681\" data-element_type=\"widget\" data-widget_type=\"heading.default\">\n\t\t\t\t<div class=\"elementor-widget-container\">\n\t\t\t\t\t<h2 class=\"elementor-heading-title elementor-size-default\">Voc\u00ea ter\u00e1 acesso a:<\/h2>\t\t\t\t<\/div>\n\t\t\t\t<\/div>\n\t\t\t\t<div class=\"elementor-element elementor-element-45680116 elementor-icon-list--layout-traditional elementor-list-item-link-full_width elementor-widget elementor-widget-icon-list\" data-id=\"45680116\" data-element_type=\"widget\" data-widget_type=\"icon-list.default\">\n\t\t\t\t<div class=\"elementor-widget-container\">\n\t\t\t\t\t\t\t<ul class=\"elementor-icon-list-items\">\n\t\t\t\t\t\t\t<li class=\"elementor-icon-list-item\">\n\t\t\t\t\t\t\t\t\t\t\t<span class=\"elementor-icon-list-icon\">\n\t\t\t\t\t\t\t<svg aria-hidden=\"true\" class=\"e-font-icon-svg e-fas-check-circle\" viewBox=\"0 0 512 512\" xmlns=\"http:\/\/www.w3.org\/2000\/svg\"><path d=\"M504 256c0 136.967-111.033 248-248 248S8 392.967 8 256 119.033 8 256 8s248 111.033 248 248zM227.314 387.314l184-184c6.248-6.248 6.248-16.379 0-22.627l-22.627-22.627c-6.248-6.249-16.379-6.249-22.628 0L216 308.118l-70.059-70.059c-6.248-6.248-16.379-6.248-22.628 0l-22.627 22.627c-6.248 6.248-6.248 16.379 0 22.627l104 104c6.249 6.249 16.379 6.249 22.628.001z\"><\/path><\/svg>\t\t\t\t\t\t<\/span>\n\t\t\t\t\t\t\t\t\t\t<span class=\"elementor-icon-list-text\">Estrat\u00e9gias Validadas<\/span>\n\t\t\t\t\t\t\t\t\t<\/li>\n\t\t\t\t\t\t\t\t<li class=\"elementor-icon-list-item\">\n\t\t\t\t\t\t\t\t\t\t\t<span class=\"elementor-icon-list-icon\">\n\t\t\t\t\t\t\t<svg aria-hidden=\"true\" class=\"e-font-icon-svg e-fas-check-circle\" viewBox=\"0 0 512 512\" xmlns=\"http:\/\/www.w3.org\/2000\/svg\"><path d=\"M504 256c0 136.967-111.033 248-248 248S8 392.967 8 256 119.033 8 256 8s248 111.033 248 248zM227.314 387.314l184-184c6.248-6.248 6.248-16.379 0-22.627l-22.627-22.627c-6.248-6.249-16.379-6.249-22.628 0L216 308.118l-70.059-70.059c-6.248-6.248-16.379-6.248-22.628 0l-22.627 22.627c-6.248 6.248-6.248 16.379 0 22.627l104 104c6.249 6.249 16.379 6.249 22.628.001z\"><\/path><\/svg>\t\t\t\t\t\t<\/span>\n\t\t\t\t\t\t\t\t\t\t<span class=\"elementor-icon-list-text\">Modelo de mensagens para Clientes<\/span>\n\t\t\t\t\t\t\t\t\t<\/li>\n\t\t\t\t\t\t\t\t<li class=\"elementor-icon-list-item\">\n\t\t\t\t\t\t\t\t\t\t\t<span class=\"elementor-icon-list-icon\">\n\t\t\t\t\t\t\t<svg aria-hidden=\"true\" class=\"e-font-icon-svg e-fas-check-circle\" viewBox=\"0 0 512 512\" xmlns=\"http:\/\/www.w3.org\/2000\/svg\"><path d=\"M504 256c0 136.967-111.033 248-248 248S8 392.967 8 256 119.033 8 256 8s248 111.033 248 248zM227.314 387.314l184-184c6.248-6.248 6.248-16.379 0-22.627l-22.627-22.627c-6.248-6.249-16.379-6.249-22.628 0L216 308.118l-70.059-70.059c-6.248-6.248-16.379-6.248-22.628 0l-22.627 22.627c-6.248 6.248-6.248 16.379 0 22.627l104 104c6.249 6.249 16.379 6.249 22.628.001z\"><\/path><\/svg>\t\t\t\t\t\t<\/span>\n\t\t\t\t\t\t\t\t\t\t<span class=\"elementor-icon-list-text\">Modelo de divulga\u00e7\u00e3o para atrair Clientes<\/span>\n\t\t\t\t\t\t\t\t\t<\/li>\n\t\t\t\t\t\t\t\t<li class=\"elementor-icon-list-item\">\n\t\t\t\t\t\t\t\t\t\t\t<span class=\"elementor-icon-list-icon\">\n\t\t\t\t\t\t\t<svg aria-hidden=\"true\" class=\"e-font-icon-svg e-fas-check-circle\" viewBox=\"0 0 512 512\" xmlns=\"http:\/\/www.w3.org\/2000\/svg\"><path d=\"M504 256c0 136.967-111.033 248-248 248S8 392.967 8 256 119.033 8 256 8s248 111.033 248 248zM227.314 387.314l184-184c6.248-6.248 6.248-16.379 0-22.627l-22.627-22.627c-6.248-6.249-16.379-6.249-22.628 0L216 308.118l-70.059-70.059c-6.248-6.248-16.379-6.248-22.628 0l-22.627 22.627c-6.248 6.248-6.248 16.379 0 22.627l104 104c6.249 6.249 16.379 6.249 22.628.001z\"><\/path><\/svg>\t\t\t\t\t\t<\/span>\n\t\t\t\t\t\t\t\t\t\t<span class=\"elementor-icon-list-text\">Como atrair o p\u00fablico da sua cidade<\/span>\n\t\t\t\t\t\t\t\t\t<\/li>\n\t\t\t\t\t\t\t\t<li class=\"elementor-icon-list-item\">\n\t\t\t\t\t\t\t\t\t\t\t<span class=\"elementor-icon-list-icon\">\n\t\t\t\t\t\t\t<svg aria-hidden=\"true\" class=\"e-font-icon-svg e-fas-check-circle\" viewBox=\"0 0 512 512\" xmlns=\"http:\/\/www.w3.org\/2000\/svg\"><path d=\"M504 256c0 136.967-111.033 248-248 248S8 392.967 8 256 119.033 8 256 8s248 111.033 248 248zM227.314 387.314l184-184c6.248-6.248 6.248-16.379 0-22.627l-22.627-22.627c-6.248-6.249-16.379-6.249-22.628 0L216 308.118l-70.059-70.059c-6.248-6.248-16.379-6.248-22.628 0l-22.627 22.627c-6.248 6.248-6.248 16.379 0 22.627l104 104c6.249 6.249 16.379 6.249 22.628.001z\"><\/path><\/svg>\t\t\t\t\t\t<\/span>\n\t\t\t\t\t\t\t\t\t\t<span class=\"elementor-icon-list-text\">Como gerar desejo pelo seu servi\u00e7o<\/span>\n\t\t\t\t\t\t\t\t\t<\/li>\n\t\t\t\t\t\t\t\t<li class=\"elementor-icon-list-item\">\n\t\t\t\t\t\t\t\t\t\t\t<span class=\"elementor-icon-list-icon\">\n\t\t\t\t\t\t\t<svg aria-hidden=\"true\" class=\"e-font-icon-svg e-fas-check-circle\" viewBox=\"0 0 512 512\" xmlns=\"http:\/\/www.w3.org\/2000\/svg\"><path d=\"M504 256c0 136.967-111.033 248-248 248S8 392.967 8 256 119.033 8 256 8s248 111.033 248 248zM227.314 387.314l184-184c6.248-6.248 6.248-16.379 0-22.627l-22.627-22.627c-6.248-6.249-16.379-6.249-22.628 0L216 308.118l-70.059-70.059c-6.248-6.248-16.379-6.248-22.628 0l-22.627 22.627c-6.248 6.248-6.248 16.379 0 22.627l104 104c6.249 6.249 16.379 6.249 22.628.001z\"><\/path><\/svg>\t\t\t\t\t\t<\/span>\n\t\t\t\t\t\t\t\t\t\t<span class=\"elementor-icon-list-text\">Promo\u00e7\u00f5es estrat\u00e9gicas de Fim de ano<\/span>\n\t\t\t\t\t\t\t\t\t<\/li>\n\t\t\t\t\t\t\t\t<li class=\"elementor-icon-list-item\">\n\t\t\t\t\t\t\t\t\t\t<span class=\"elementor-icon-list-text\">E muito mais...<\/span>\n\t\t\t\t\t\t\t\t\t<\/li>\n\t\t\t\t\t\t<\/ul>\n\t\t\t\t\t\t<\/div>\n\t\t\t\t<\/div>\n\t\t\t\t\t<\/div>\n\t\t\t\t<\/div>\n\t\t<div class=\"elementor-element elementor-element-2200580f e-flex e-con-boxed e-con e-parent\" data-id=\"2200580f\" data-element_type=\"container\" data-settings=\"{&quot;background_background&quot;:&quot;classic&quot;}\">\n\t\t\t\t\t<div class=\"e-con-inner\">\n\t\t\t\t<div class=\"elementor-element elementor-element-34277394 elementor-mobile-align-center elementor-align-center elementor-widget elementor-widget-button\" data-id=\"34277394\" data-element_type=\"widget\" data-widget_type=\"button.default\">\n\t\t\t\t<div class=\"elementor-widget-container\">\n\t\t\t\t\t\t\t\t\t<div class=\"elementor-button-wrapper\">\n\t\t\t\t\t<a class=\"elementor-button elementor-button-link elementor-size-md\" href=\"https:\/\/rmempreendedorismodt.mycartpanda.com\/checkout\/203451648:1\">\n\t\t\t\t\t\t<span class=\"elementor-button-content-wrapper\">\n\t\t\t\t\t\t\t\t\t<span class=\"elementor-button-text\">QUERO PARTICIPAR<\/span>\n\t\t\t\t\t<\/span>\n\t\t\t\t\t<\/a>\n\t\t\t\t<\/div>\n\t\t\t\t\t\t\t\t<\/div>\n\t\t\t\t<\/div>\n\t\t\t\t<div class=\"elementor-element elementor-element-7dd7fa5 elementor-widget elementor-widget-image\" data-id=\"7dd7fa5\" data-element_type=\"widget\" data-widget_type=\"image.default\">\n\t\t\t\t<div class=\"elementor-widget-container\">\n\t\t\t\t\t\t\t\t\t\t\t\t\t\t\t<img decoding=\"async\" width=\"937\" height=\"1024\" src=\"https:\/\/digitalpremiumoficial.com\/wp-content\/uploads\/2025\/11\/IMG_6088-937x1024.jpg\" class=\"attachment-large size-large wp-image-1002\" alt=\"\" srcset=\"https:\/\/digitalpremiumoficial.com\/wp-content\/uploads\/2025\/11\/IMG_6088-937x1024.jpg 937w, https:\/\/digitalpremiumoficial.com\/wp-content\/uploads\/2025\/11\/IMG_6088-275x300.jpg 275w, https:\/\/digitalpremiumoficial.com\/wp-content\/uploads\/2025\/11\/IMG_6088-768x839.jpg 768w, https:\/\/digitalpremiumoficial.com\/wp-content\/uploads\/2025\/11\/IMG_6088.jpg 1284w\" sizes=\"(max-width: 937px) 100vw, 937px\" \/>\t\t\t\t\t\t\t\t\t\t\t\t\t\t\t<\/div>\n\t\t\t\t<\/div>\n\t\t\t\t\t<\/div>\n\t\t\t\t<\/div>\n\t\t<div class=\"elementor-element elementor-element-77fc4fed e-flex e-con-boxed e-con e-parent\" data-id=\"77fc4fed\" data-element_type=\"container\" data-settings=\"{&quot;background_background&quot;:&quot;classic&quot;}\">\n\t\t\t\t\t<div class=\"e-con-inner\">\n\t\t<div class=\"elementor-element elementor-element-38f6ac91 e-flex e-con-boxed e-con e-child\" data-id=\"38f6ac91\" data-element_type=\"container\">\n\t\t\t\t\t<div class=\"e-con-inner\">\n\t\t\t\t<div class=\"elementor-element elementor-element-2e3c5d46 elementor-widget elementor-widget-heading\" data-id=\"2e3c5d46\" data-element_type=\"widget\" data-widget_type=\"heading.default\">\n\t\t\t\t<div class=\"elementor-widget-container\">\n\t\t\t\t\t<h2 class=\"elementor-heading-title elementor-size-default\">Aproveite hoje a Oportunidade de Adquirir tudo isso por Apenas R$ 10,00<\/h2>\t\t\t\t<\/div>\n\t\t\t\t<\/div>\n\t\t<div class=\"elementor-element elementor-element-375cef3 e-flex e-con-boxed e-con e-child\" data-id=\"375cef3\" data-element_type=\"container\">\n\t\t\t\t\t<div class=\"e-con-inner\">\n\t\t\t\t<div class=\"elementor-element elementor-element-66edc3a0 elementor-widget elementor-widget-heading\" data-id=\"66edc3a0\" data-element_type=\"widget\" data-widget_type=\"heading.default\">\n\t\t\t\t<div class=\"elementor-widget-container\">\n\t\t\t\t\t<h2 class=\"elementor-heading-title elementor-size-default\">ADQUIRA AGORA MESMO <\/h2>\t\t\t\t<\/div>\n\t\t\t\t<\/div>\n\t\t\t\t<div class=\"elementor-element elementor-element-47468c7f elementor-widget elementor-widget-heading\" data-id=\"47468c7f\" data-element_type=\"widget\" data-widget_type=\"heading.default\">\n\t\t\t\t<div class=\"elementor-widget-container\">\n\t\t\t\t\t<h2 class=\"elementor-heading-title elementor-size-default\">\u00daLTIMAS VAGAS!<\/h2>\t\t\t\t<\/div>\n\t\t\t\t<\/div>\n\t\t\t\t<div class=\"elementor-element elementor-element-6c4ca87b elementor-widget elementor-widget-progress\" data-id=\"6c4ca87b\" data-element_type=\"widget\" data-widget_type=\"progress.default\">\n\t\t\t\t<div class=\"elementor-widget-container\">\n\t\t\t\t\t\n\t\t<div class=\"elementor-progress-wrapper\" role=\"progressbar\" aria-valuemin=\"0\" aria-valuemax=\"100\" aria-valuenow=\"86\" aria-valuetext=\"86% (TOTAL DE VAGAS PREENCIDAS )\">\n\t\t\t<div class=\"elementor-progress-bar\" data-max=\"86\">\n\t\t\t\t<span class=\"elementor-progress-text\">TOTAL DE VAGAS PREENCIDAS <\/span>\n\t\t\t\t\t\t\t\t\t<span class=\"elementor-progress-percentage\">86%<\/span>\n\t\t\t\t\t\t\t<\/div>\n\t\t<\/div>\n\t\t\t\t\t\t<\/div>\n\t\t\t\t<\/div>\n\t\t\t\t<div class=\"elementor-element elementor-element-40f3e1a7 elementor-widget elementor-widget-heading\" data-id=\"40f3e1a7\" data-element_type=\"widget\" data-widget_type=\"heading.default\">\n\t\t\t\t<div class=\"elementor-widget-container\">\n\t\t\t\t\t<h2 class=\"elementor-heading-title elementor-size-default\">DE <s>R$79,90 <\/s> POR<\/h2>\t\t\t\t<\/div>\n\t\t\t\t<\/div>\n\t\t\t\t<div class=\"elementor-element elementor-element-61a7cf9e elementor-widget elementor-widget-heading\" data-id=\"61a7cf9e\" data-element_type=\"widget\" data-widget_type=\"heading.default\">\n\t\t\t\t<div class=\"elementor-widget-container\">\n\t\t\t\t\t<h2 class=\"elementor-heading-title elementor-size-default\"><b>R$ 10,00<\/b><\/h2>\t\t\t\t<\/div>\n\t\t\t\t<\/div>\n\t\t\t\t<div class=\"elementor-element elementor-element-722bd8e3 elementor-widget elementor-widget-heading\" data-id=\"722bd8e3\" data-element_type=\"widget\" data-widget_type=\"heading.default\">\n\t\t\t\t<div class=\"elementor-widget-container\">\n\t\t\t\t\t<h2 class=\"elementor-heading-title elementor-size-default\">Pagamento \u00danico<\/h2>\t\t\t\t<\/div>\n\t\t\t\t<\/div>\n\t\t\t\t<div class=\"elementor-element elementor-element-250e5735 elementor-mobile-align-center elementor-align-center elementor-widget elementor-widget-button\" data-id=\"250e5735\" data-element_type=\"widget\" data-widget_type=\"button.default\">\n\t\t\t\t<div class=\"elementor-widget-container\">\n\t\t\t\t\t\t\t\t\t<div class=\"elementor-button-wrapper\">\n\t\t\t\t\t<a class=\"elementor-button elementor-button-link elementor-size-md\" href=\"https:\/\/rmempreendedorismodt.mycartpanda.com\/checkout\/203451648:1\">\n\t\t\t\t\t\t<span class=\"elementor-button-content-wrapper\">\n\t\t\t\t\t\t\t\t\t<span class=\"elementor-button-text\">COMPRAR AGORA<\/span>\n\t\t\t\t\t<\/span>\n\t\t\t\t\t<\/a>\n\t\t\t\t<\/div>\n\t\t\t\t\t\t\t\t<\/div>\n\t\t\t\t<\/div>\n\t\t\t\t<div class=\"elementor-element elementor-element-69e2af8d elementor-widget elementor-widget-image\" data-id=\"69e2af8d\" data-element_type=\"widget\" data-widget_type=\"image.default\">\n\t\t\t\t<div class=\"elementor-widget-container\">\n\t\t\t\t\t\t\t\t\t\t\t\t\t\t\t<img decoding=\"async\" width=\"1024\" height=\"212\" src=\"https:\/\/digitalpremiumoficial.com\/wp-content\/uploads\/2023\/11\/checkout-e1689811201178-1024x212.png\" class=\"attachment-large size-large wp-image-10\" alt=\"\" srcset=\"https:\/\/digitalpremiumoficial.com\/wp-content\/uploads\/2023\/11\/checkout-e1689811201178-1024x212.png 1024w, https:\/\/digitalpremiumoficial.com\/wp-content\/uploads\/2023\/11\/checkout-e1689811201178-300x62.png 300w, https:\/\/digitalpremiumoficial.com\/wp-content\/uploads\/2023\/11\/checkout-e1689811201178-768x159.png 768w, https:\/\/digitalpremiumoficial.com\/wp-content\/uploads\/2023\/11\/checkout-e1689811201178-1536x319.png 1536w, https:\/\/digitalpremiumoficial.com\/wp-content\/uploads\/2023\/11\/checkout-e1689811201178-2048x425.png 2048w\" sizes=\"(max-width: 1024px) 100vw, 1024px\" \/>\t\t\t\t\t\t\t\t\t\t\t\t\t\t\t<\/div>\n\t\t\t\t<\/div>\n\t\t\t\t\t<\/div>\n\t\t\t\t<\/div>\n\t\t\t\t\t<\/div>\n\t\t\t\t<\/div>\n\t\t\t\t<div class=\"elementor-element elementor-element-2971bf0c elementor-widget elementor-widget-html\" data-id=\"2971bf0c\" data-element_type=\"widget\" data-widget_type=\"html.default\">\n\t\t\t\t<div class=\"elementor-widget-container\">\n\t\t\t\t\tNotifica\u00e7\u00e3o de compra\/\n<script src=\"https:\/\/cdn.jsdelivr.net\/npm\/notiflix@2.6.0\/dist\/notiflix-aio-2.6.0.min.js\"><\/script>\n\n       <script> \/right-top, right-bottom, left-top, left-bottom, center-top, center-bottom, center-center\/\n        var position = \"left-bottom\";\n \n        \/verde, azul, vermelho, amarelo\/\n        var color = \"verde\";\n \n        \/fade, zoom, from-right, from-left, from-top, from-bottom\/\n        var animation = \"from-left\";\n \n        \/nome do produto\/\n        var product_name = \"\";\n \n        \/frase depois do nome da pessoa\/\n        var phrase = \"acabou de comprar\";\n        var timeout = 4000;\n \n        \/masc, fem, any\/\n        var type_name = \"masc, fem\";\n        var msg_final = \"\";\n \n        var min_time = 4;\n        var max_time = 20;\n \n        var names_masc = ['Bianca', 'Debora', 'Anna', 'Vit\u00f3ria', 'Juliane', 'Angela', 'Isabelle', 'Amanda', 'Katielle', 'Edinamar', 'Meire', 'Marlenne', 'Bruna', 'Juliana', 'Anne', 'Rayssa', 'Claudia', 'Leila', 'Irene', 'Regiane', 'Raylane', 'Franciele', 'Hellen', 'Loayne', 'Luana'];\n        var names_fem = ['Maria', 'Ana', 'Francisca', 'Antonia', 'Adriana', 'Juliana', 'Marcia', 'Fernanda', 'Patricia', 'Aline', 'Sandra', 'Camila', 'Amanda', 'Bruna', 'Jessica', 'Leticia', 'Julia', 'Luciana', 'Vanessa', 'Mariana', 'Gabriela', 'Vera', 'Vitoria', 'Larissa', 'Claudia', 'Beatriz', 'Rita', 'Luana', 'Sonia', 'Renata', 'Eliane'];\n \n        var option = {\n            position: position,\n            cssAnimationStyle: animation,\n            plainText: false,\n            timeout: timeout\n        };\n \n        function show_notification() {\n            if (type_name == \"masc\") {\n                msg_final = \"<strong>\" + names_masc[Math.floor(Math.random() * names_masc.length)] + \"<\/strong>\";\n            } else if (type_name == \"fem\") {\n                msg_final = \"<strong>\" + names_fem[Math.floor(Math.random() * names_fem.length)] + \"<\/strong>\";\n            } else {\n                var array_aux = [\"masc\", \"fem\"];\n \n                if (array_aux[Math.floor(Math.random() * array_aux.length)] == \"masc\") {\n                    msg_final = \"<strong>\" + names_masc[Math.floor(Math.random() * names_masc.length)] + \"<\/strong>\";\n                } else {\n                    msg_final = \"<strong>\" + names_fem[Math.floor(Math.random() * names_fem.length)] + \"<\/strong>\";\n                }\n            }\n \n            msg_final += decodeURIComponent(escape(\" \" + phrase + \" \" + product_name));\n \n            if (color == \"verde\") {\n                Notiflix.Notify.Success(msg_final, option);\n            }\n \n            if (color == \"azul\") {\n                Notiflix.Notify.Info(msg_final, option);\n            }\n \n            if (color == \"vermelho\") {\n                Notiflix.Notify.Failure(msg_final, option);\n            }\n \n            if (color == \"amarelo\") {\n                Notiflix.Notify.Warning(msg_final, option);\n            }\n \n            var rand = Math.floor(Math.random() * (max_time - min_time + 1) + min_time);\n            setTimeout(show_notification, rand * 1000);\n        }\n            setTimeout(show_notification, 4 * 1000);\n<\/script>\t\t\t\t<\/div>\n\t\t\t\t<\/div>\n\t\t\t\t\t<\/div>\n\t\t\t\t<\/div>\n\t\t<div class=\"elementor-element elementor-element-68da1756 e-flex e-con-boxed e-con e-parent\" data-id=\"68da1756\" data-element_type=\"container\" data-settings=\"{&quot;background_background&quot;:&quot;classic&quot;,&quot;shape_divider_top&quot;:&quot;opacity-tilt&quot;}\">\n\t\t\t\t\t<div class=\"e-con-inner\">\n\t\t\t\t<div class=\"elementor-shape elementor-shape-top\" aria-hidden=\"true\" data-negative=\"false\">\n\t\t\t<svg xmlns=\"http:\/\/www.w3.org\/2000\/svg\" viewBox=\"0 0 2600 131.1\" preserveAspectRatio=\"none\">\n\t<path class=\"elementor-shape-fill\" d=\"M0 0L2600 0 2600 69.1 0 0z\"\/>\n\t<path class=\"elementor-shape-fill\" style=\"opacity:0.5\" d=\"M0 0L2600 0 2600 69.1 0 69.1z\"\/>\n\t<path class=\"elementor-shape-fill\" style=\"opacity:0.25\" d=\"M2600 0L0 0 0 130.1 2600 69.1z\"\/>\n<\/svg>\t\t<\/div>\n\t\t\t\t<div class=\"elementor-element elementor-element-8810569 elementor-widget elementor-widget-html\" data-id=\"8810569\" data-element_type=\"widget\" data-widget_type=\"html.default\">\n\t\t\t\t<div class=\"elementor-widget-container\">\n\t\t\t\t\t<!-- Meta Pixel Code -->\r\n<script>\r\n!function(f,b,e,v,n,t,s)\r\n{if(f.fbq)return;n=f.fbq=function(){n.callMethod?\r\nn.callMethod.apply(n,arguments):n.queue.push(arguments)};\r\nif(!f._fbq)f._fbq=n;n.push=n;n.loaded=!0;n.version='2.0';\r\nn.queue=[];t=b.createElement(e);t.async=!0;\r\nt.src=v;s=b.getElementsByTagName(e)[0];\r\ns.parentNode.insertBefore(t,s)}(window, document,'script',\r\n'https:\/\/connect.facebook.net\/en_US\/fbevents.js');\r\nfbq('init', '827376791597793');\r\nfbq('track', 'PageView');\r\n<\/script>\r\n<noscript><img loading=\"lazy\" height=\"1\" width=\"1\" style=\"display:none\"\r\nsrc=\"https:\/\/www.facebook.com\/tr?id=827376791597793&ev=PageView&noscript=1\"\r\n\/><\/noscript>\r\n<!-- End Meta Pixel Code -->\t\t\t\t<\/div>\n\t\t\t\t<\/div>\n\t\t\t\t<div class=\"elementor-element elementor-element-8a3d98c elementor-widget elementor-widget-heading\" data-id=\"8a3d98c\" data-element_type=\"widget\" data-widget_type=\"heading.default\">\n\t\t\t\t<div class=\"elementor-widget-container\">\n\t\t\t\t\t<h2 class=\"elementor-heading-title elementor-size-default\">Digital Premium Treinamentos\n<\/h2>\t\t\t\t<\/div>\n\t\t\t\t<\/div>\n\t\t\t\t<div class=\"elementor-element elementor-element-280e3416 elementor-widget elementor-widget-heading\" data-id=\"280e3416\" data-element_type=\"widget\" data-widget_type=\"heading.default\">\n\t\t\t\t<div class=\"elementor-widget-container\">\n\t\t\t\t\t<h2 class=\"elementor-heading-title elementor-size-default\">Copyright\u00a9 | Todos os direitos reservados<\/h2>\t\t\t\t<\/div>\n\t\t\t\t<\/div>\n\t\t\t\t\t<\/div>\n\t\t\t\t<\/div>\n\t\t\t\t<\/div>\n\t\t","protected":false},"excerpt":{"rendered":"<p>QUERO ADQUIRIR QUERO ADQUIRIR Voc\u00ea ter\u00e1 acesso a: Estrat\u00e9gias Validadas Modelo de mensagens para Clientes Modelo de divulga\u00e7\u00e3o para atrair Clientes Como atrair o p\u00fablico da sua cidade Como gerar desejo pelo seu servi\u00e7o Promo\u00e7\u00f5es estrat\u00e9gicas de Fim de ano E muito mais&#8230; QUERO PARTICIPAR Aproveite hoje a Oportunidade de Adquirir tudo isso por Apenas [&hellip;]<\/p>\n","protected":false},"author":1,"featured_media":0,"parent":0,"menu_order":0,"comment_status":"closed","ping_status":"open","template":"elementor_canvas","meta":{"footnotes":""},"class_list":["post-2","page","type-page","status-publish","hentry"],"aioseo_notices":[],"_links":{"self":[{"href":"https:\/\/digitalpremiumoficial.com\/index.php\/wp-json\/wp\/v2\/pages\/2","targetHints":{"allow":["GET"]}}],"collection":[{"href":"https:\/\/digitalpremiumoficial.com\/index.php\/wp-json\/wp\/v2\/pages"}],"about":[{"href":"https:\/\/digitalpremiumoficial.com\/index.php\/wp-json\/wp\/v2\/types\/page"}],"author":[{"embeddable":true,"href":"https:\/\/digitalpremiumoficial.com\/index.php\/wp-json\/wp\/v2\/users\/1"}],"replies":[{"embeddable":true,"href":"https:\/\/digitalpremiumoficial.com\/index.php\/wp-json\/wp\/v2\/comments?post=2"}],"version-history":[{"count":88,"href":"https:\/\/digitalpremiumoficial.com\/index.php\/wp-json\/wp\/v2\/pages\/2\/revisions"}],"predecessor-version":[{"id":1015,"href":"https:\/\/digitalpremiumoficial.com\/index.php\/wp-json\/wp\/v2\/pages\/2\/revisions\/1015"}],"wp:attachment":[{"href":"https:\/\/digitalpremiumoficial.com\/index.php\/wp-json\/wp\/v2\/media?parent=2"}],"curies":[{"name":"wp","href":"https:\/\/api.w.org\/{rel}","templated":true}]}}