{"id":437,"date":"2024-08-27T21:21:49","date_gmt":"2024-08-28T00:21:49","guid":{"rendered":"https:\/\/digitalpremiumoficial.com\/?page_id=437"},"modified":"2024-08-27T22:00:10","modified_gmt":"2024-08-28T01:00:10","slug":"fichas-de-anamnese","status":"publish","type":"page","link":"https:\/\/digitalpremiumoficial.com\/index.php\/fichas-de-anamnese\/","title":{"rendered":"Fichas de Anamnese"},"content":{"rendered":"\t\t<div data-elementor-type=\"wp-page\" data-elementor-id=\"437\" class=\"elementor elementor-437\">\n\t\t\t\t<div class=\"elementor-element elementor-element-204fded9 e-con-full elementor-hidden-desktop elementor-hidden-tablet e-flex e-con e-parent\" data-id=\"204fded9\" data-element_type=\"container\" data-settings=\"{&quot;background_background&quot;:&quot;classic&quot;}\">\n\t\t<div class=\"elementor-element elementor-element-6056a80 e-con-full e-flex e-con e-child\" data-id=\"6056a80\" data-element_type=\"container\">\n\t\t\t\t<\/div>\n\t\t<div class=\"elementor-element elementor-element-5bfb82d0 e-con-full e-flex e-con e-child\" data-id=\"5bfb82d0\" data-element_type=\"container\">\n\t\t\t\t<\/div>\n\t\t<div class=\"elementor-element elementor-element-546ca525 e-con-full e-flex e-con e-child\" data-id=\"546ca525\" data-element_type=\"container\">\n\t\t\t\t<div class=\"elementor-element elementor-element-3e37586a elementor-mobile-align-center elementor-align-center elementor-widget elementor-widget-button\" data-id=\"3e37586a\" data-element_type=\"widget\" data-widget_type=\"button.default\">\n\t\t\t\t<div class=\"elementor-widget-container\">\n\t\t\t\t\t\t\t\t\t<div class=\"elementor-button-wrapper\">\n\t\t\t\t\t<a class=\"elementor-button elementor-button-link elementor-size-md\" href=\"https:\/\/rmempreendedorismodt.mycartpanda.com\/checkout\/153445261:1\">\n\t\t\t\t\t\t<span class=\"elementor-button-content-wrapper\">\n\t\t\t\t\t\t\t\t\t<span class=\"elementor-button-text\">QUERO ADQUIRIR<\/span>\n\t\t\t\t\t<\/span>\n\t\t\t\t\t<\/a>\n\t\t\t\t<\/div>\n\t\t\t\t\t\t\t\t<\/div>\n\t\t\t\t<\/div>\n\t\t\t\t<\/div>\n\t\t\t\t<\/div>\n\t\t<div class=\"elementor-element elementor-element-3c5c69d6 elementor-hidden-mobile e-flex e-con-boxed e-con e-parent\" data-id=\"3c5c69d6\" data-element_type=\"container\" data-settings=\"{&quot;background_background&quot;:&quot;classic&quot;}\">\n\t\t\t\t\t<div class=\"e-con-inner\">\n\t\t<div class=\"elementor-element elementor-element-1b9403ae e-con-full e-flex e-con e-child\" data-id=\"1b9403ae\" data-element_type=\"container\">\n\t\t\t\t<\/div>\n\t\t<div class=\"elementor-element elementor-element-2ce2ee32 e-con-full e-flex e-con e-child\" data-id=\"2ce2ee32\" data-element_type=\"container\">\n\t\t\t\t<\/div>\n\t\t<div class=\"elementor-element elementor-element-34b44b71 e-con-full e-flex e-con e-child\" data-id=\"34b44b71\" data-element_type=\"container\">\n\t\t\t\t<div class=\"elementor-element elementor-element-5a15219d elementor-mobile-align-center elementor-align-center elementor-widget elementor-widget-button\" data-id=\"5a15219d\" data-element_type=\"widget\" data-widget_type=\"button.default\">\n\t\t\t\t<div class=\"elementor-widget-container\">\n\t\t\t\t\t\t\t\t\t<div class=\"elementor-button-wrapper\">\n\t\t\t\t\t<a class=\"elementor-button elementor-button-link elementor-size-md\" href=\"https:\/\/pepper.com.br\/checkout\/index.html?p=97766&#038;o=113348\">\n\t\t\t\t\t\t<span class=\"elementor-button-content-wrapper\">\n\t\t\t\t\t\t\t\t\t<span class=\"elementor-button-text\">QUERO ADQUIRIR <\/span>\n\t\t\t\t\t<\/span>\n\t\t\t\t\t<\/a>\n\t\t\t\t<\/div>\n\t\t\t\t\t\t\t\t<\/div>\n\t\t\t\t<\/div>\n\t\t\t\t<\/div>\n\t\t\t\t\t<\/div>\n\t\t\t\t<\/div>\n\t\t<div class=\"elementor-element elementor-element-34c2569c e-flex e-con-boxed e-con e-parent\" data-id=\"34c2569c\" data-element_type=\"container\" data-settings=\"{&quot;background_background&quot;:&quot;classic&quot;}\">\n\t\t\t\t\t<div class=\"e-con-inner\">\n\t\t\t\t<div class=\"elementor-element elementor-element-83d7d04 elementor-widget elementor-widget-image\" data-id=\"83d7d04\" data-element_type=\"widget\" data-widget_type=\"image.default\">\n\t\t\t\t<div class=\"elementor-widget-container\">\n\t\t\t\t\t\t\t\t\t\t\t\t\t\t\t<img fetchpriority=\"high\" decoding=\"async\" width=\"1024\" height=\"589\" src=\"https:\/\/digitalpremiumoficial.com\/wp-content\/uploads\/2024\/08\/About-Page-e1724804542155-1024x589.png\" class=\"attachment-large size-large wp-image-444\" alt=\"\" srcset=\"https:\/\/digitalpremiumoficial.com\/wp-content\/uploads\/2024\/08\/About-Page-e1724804542155-1024x589.png 1024w, https:\/\/digitalpremiumoficial.com\/wp-content\/uploads\/2024\/08\/About-Page-e1724804542155-300x172.png 300w, https:\/\/digitalpremiumoficial.com\/wp-content\/uploads\/2024\/08\/About-Page-e1724804542155-768x441.png 768w, https:\/\/digitalpremiumoficial.com\/wp-content\/uploads\/2024\/08\/About-Page-e1724804542155.png 1131w\" sizes=\"(max-width: 1024px) 100vw, 1024px\" \/>\t\t\t\t\t\t\t\t\t\t\t\t\t\t\t<\/div>\n\t\t\t\t<\/div>\n\t\t\t\t<div class=\"elementor-element elementor-element-67ff50d elementor-widget elementor-widget-image\" data-id=\"67ff50d\" data-element_type=\"widget\" data-widget_type=\"image.default\">\n\t\t\t\t<div class=\"elementor-widget-container\">\n\t\t\t\t\t\t\t\t\t\t\t\t\t\t\t<img decoding=\"async\" width=\"1024\" height=\"542\" src=\"https:\/\/digitalpremiumoficial.com\/wp-content\/uploads\/2024\/08\/About-Page-1-e1724804565962-1024x542.png\" class=\"attachment-large size-large wp-image-443\" alt=\"\" srcset=\"https:\/\/digitalpremiumoficial.com\/wp-content\/uploads\/2024\/08\/About-Page-1-e1724804565962-1024x542.png 1024w, https:\/\/digitalpremiumoficial.com\/wp-content\/uploads\/2024\/08\/About-Page-1-e1724804565962-300x159.png 300w, https:\/\/digitalpremiumoficial.com\/wp-content\/uploads\/2024\/08\/About-Page-1-e1724804565962-768x407.png 768w, https:\/\/digitalpremiumoficial.com\/wp-content\/uploads\/2024\/08\/About-Page-1-e1724804565962.png 1228w\" sizes=\"(max-width: 1024px) 100vw, 1024px\" \/>\t\t\t\t\t\t\t\t\t\t\t\t\t\t\t<\/div>\n\t\t\t\t<\/div>\n\t\t\t\t\t<\/div>\n\t\t\t\t<\/div>\n\t\t<div class=\"elementor-element elementor-element-65686c0d e-flex e-con-boxed e-con e-parent\" data-id=\"65686c0d\" data-element_type=\"container\" data-settings=\"{&quot;background_background&quot;:&quot;classic&quot;}\">\n\t\t\t\t\t<div class=\"e-con-inner\">\n\t\t\t\t<div class=\"elementor-element elementor-element-2bb68d11 elementor-mobile-align-center elementor-align-center elementor-widget elementor-widget-button\" data-id=\"2bb68d11\" data-element_type=\"widget\" data-widget_type=\"button.default\">\n\t\t\t\t<div class=\"elementor-widget-container\">\n\t\t\t\t\t\t\t\t\t<div class=\"elementor-button-wrapper\">\n\t\t\t\t\t<a class=\"elementor-button elementor-button-link elementor-size-md\" href=\"https:\/\/rmempreendedorismodt.mycartpanda.com\/checkout\/153445261:1\">\n\t\t\t\t\t\t<span class=\"elementor-button-content-wrapper\">\n\t\t\t\t\t\t\t\t\t<span class=\"elementor-button-text\">QUERO ADQUIRIR<\/span>\n\t\t\t\t\t<\/span>\n\t\t\t\t\t<\/a>\n\t\t\t\t<\/div>\n\t\t\t\t\t\t\t\t<\/div>\n\t\t\t\t<\/div>\n\t\t\t\t\t<\/div>\n\t\t\t\t<\/div>\n\t\t<div class=\"elementor-element elementor-element-11cc61c8 e-flex e-con-boxed e-con e-parent\" data-id=\"11cc61c8\" data-element_type=\"container\" data-settings=\"{&quot;background_background&quot;:&quot;classic&quot;}\">\n\t\t\t\t\t<div class=\"e-con-inner\">\n\t\t<div class=\"elementor-element elementor-element-4933c2c5 e-flex e-con-boxed e-con e-child\" data-id=\"4933c2c5\" data-element_type=\"container\">\n\t\t\t\t\t<div class=\"e-con-inner\">\n\t\t\t\t<div class=\"elementor-element elementor-element-439750dc elementor-widget elementor-widget-heading\" data-id=\"439750dc\" data-element_type=\"widget\" data-widget_type=\"heading.default\">\n\t\t\t\t<div class=\"elementor-widget-container\">\n\t\t\t\t\t<h2 class=\"elementor-heading-title elementor-size-default\">Aproveite hoje a Oportunidade de Adquirir tudo isso por Apenas R$ 10,00<\/h2>\t\t\t\t<\/div>\n\t\t\t\t<\/div>\n\t\t<div class=\"elementor-element elementor-element-6b89795d e-flex e-con-boxed e-con e-child\" data-id=\"6b89795d\" data-element_type=\"container\">\n\t\t\t\t\t<div class=\"e-con-inner\">\n\t\t\t\t<div class=\"elementor-element elementor-element-3bb773f1 elementor-widget elementor-widget-heading\" data-id=\"3bb773f1\" data-element_type=\"widget\" data-widget_type=\"heading.default\">\n\t\t\t\t<div class=\"elementor-widget-container\">\n\t\t\t\t\t<h2 class=\"elementor-heading-title elementor-size-default\">ADQUIRA AGORA MESMO <\/h2>\t\t\t\t<\/div>\n\t\t\t\t<\/div>\n\t\t\t\t<div class=\"elementor-element elementor-element-7ce5d735 elementor-widget elementor-widget-heading\" data-id=\"7ce5d735\" data-element_type=\"widget\" data-widget_type=\"heading.default\">\n\t\t\t\t<div class=\"elementor-widget-container\">\n\t\t\t\t\t<h2 class=\"elementor-heading-title elementor-size-default\">\u00daLTIMAS VAGAS!<\/h2>\t\t\t\t<\/div>\n\t\t\t\t<\/div>\n\t\t\t\t<div class=\"elementor-element elementor-element-215167a2 elementor-widget elementor-widget-progress\" data-id=\"215167a2\" data-element_type=\"widget\" data-widget_type=\"progress.default\">\n\t\t\t\t<div class=\"elementor-widget-container\">\n\t\t\t\t\t\n\t\t<div class=\"elementor-progress-wrapper\" role=\"progressbar\" aria-valuemin=\"0\" aria-valuemax=\"100\" aria-valuenow=\"86\" aria-valuetext=\"86% (TOTAL DE VAGAS PREENCIDAS )\">\n\t\t\t<div class=\"elementor-progress-bar\" data-max=\"86\">\n\t\t\t\t<span class=\"elementor-progress-text\">TOTAL DE VAGAS PREENCIDAS <\/span>\n\t\t\t\t\t\t\t\t\t<span class=\"elementor-progress-percentage\">86%<\/span>\n\t\t\t\t\t\t\t<\/div>\n\t\t<\/div>\n\t\t\t\t\t\t<\/div>\n\t\t\t\t<\/div>\n\t\t\t\t<div class=\"elementor-element elementor-element-7118323e elementor-widget elementor-widget-heading\" data-id=\"7118323e\" data-element_type=\"widget\" data-widget_type=\"heading.default\">\n\t\t\t\t<div class=\"elementor-widget-container\">\n\t\t\t\t\t<h2 class=\"elementor-heading-title elementor-size-default\">DE <s>R$79,90 <\/s> POR<\/h2>\t\t\t\t<\/div>\n\t\t\t\t<\/div>\n\t\t\t\t<div class=\"elementor-element elementor-element-54bc79c9 elementor-widget elementor-widget-heading\" data-id=\"54bc79c9\" data-element_type=\"widget\" data-widget_type=\"heading.default\">\n\t\t\t\t<div class=\"elementor-widget-container\">\n\t\t\t\t\t<h2 class=\"elementor-heading-title elementor-size-default\"><b>R$ 10,00<\/b><\/h2>\t\t\t\t<\/div>\n\t\t\t\t<\/div>\n\t\t\t\t<div class=\"elementor-element elementor-element-696d18f4 elementor-widget elementor-widget-heading\" data-id=\"696d18f4\" data-element_type=\"widget\" data-widget_type=\"heading.default\">\n\t\t\t\t<div class=\"elementor-widget-container\">\n\t\t\t\t\t<h2 class=\"elementor-heading-title elementor-size-default\">Pagamento \u00danico<\/h2>\t\t\t\t<\/div>\n\t\t\t\t<\/div>\n\t\t\t\t<div class=\"elementor-element elementor-element-731156bc elementor-mobile-align-center elementor-align-center elementor-widget elementor-widget-button\" data-id=\"731156bc\" data-element_type=\"widget\" data-widget_type=\"button.default\">\n\t\t\t\t<div class=\"elementor-widget-container\">\n\t\t\t\t\t\t\t\t\t<div class=\"elementor-button-wrapper\">\n\t\t\t\t\t<a class=\"elementor-button elementor-button-link elementor-size-md\" href=\"https:\/\/rmempreendedorismodt.mycartpanda.com\/checkout\/153445261:1\">\n\t\t\t\t\t\t<span class=\"elementor-button-content-wrapper\">\n\t\t\t\t\t\t\t\t\t<span class=\"elementor-button-text\">COMPRAR AGORA<\/span>\n\t\t\t\t\t<\/span>\n\t\t\t\t\t<\/a>\n\t\t\t\t<\/div>\n\t\t\t\t\t\t\t\t<\/div>\n\t\t\t\t<\/div>\n\t\t\t\t<div class=\"elementor-element elementor-element-4634a753 elementor-widget elementor-widget-image\" data-id=\"4634a753\" data-element_type=\"widget\" data-widget_type=\"image.default\">\n\t\t\t\t<div class=\"elementor-widget-container\">\n\t\t\t\t\t\t\t\t\t\t\t\t\t\t\t<img decoding=\"async\" width=\"1024\" height=\"212\" src=\"https:\/\/digitalpremiumoficial.com\/wp-content\/uploads\/2023\/11\/checkout-e1689811201178-1024x212.png\" class=\"attachment-large size-large wp-image-10\" alt=\"\" srcset=\"https:\/\/digitalpremiumoficial.com\/wp-content\/uploads\/2023\/11\/checkout-e1689811201178-1024x212.png 1024w, https:\/\/digitalpremiumoficial.com\/wp-content\/uploads\/2023\/11\/checkout-e1689811201178-300x62.png 300w, https:\/\/digitalpremiumoficial.com\/wp-content\/uploads\/2023\/11\/checkout-e1689811201178-768x159.png 768w, https:\/\/digitalpremiumoficial.com\/wp-content\/uploads\/2023\/11\/checkout-e1689811201178-1536x319.png 1536w, https:\/\/digitalpremiumoficial.com\/wp-content\/uploads\/2023\/11\/checkout-e1689811201178-2048x425.png 2048w\" sizes=\"(max-width: 1024px) 100vw, 1024px\" \/>\t\t\t\t\t\t\t\t\t\t\t\t\t\t\t<\/div>\n\t\t\t\t<\/div>\n\t\t\t\t\t<\/div>\n\t\t\t\t<\/div>\n\t\t\t\t\t<\/div>\n\t\t\t\t<\/div>\n\t\t\t\t<div class=\"elementor-element elementor-element-54cd0f01 elementor-widget elementor-widget-html\" data-id=\"54cd0f01\" data-element_type=\"widget\" data-widget_type=\"html.default\">\n\t\t\t\t<div class=\"elementor-widget-container\">\n\t\t\t\t\tNotifica\u00e7\u00e3o de compra\/\n<script src=\"https:\/\/cdn.jsdelivr.net\/npm\/notiflix@2.6.0\/dist\/notiflix-aio-2.6.0.min.js\"><\/script>\n\n       <script> \/right-top, right-bottom, left-top, left-bottom, center-top, center-bottom, center-center\/\n        var position = \"left-bottom\";\n \n        \/verde, azul, vermelho, amarelo\/\n        var color = \"verde\";\n \n        \/fade, zoom, from-right, from-left, from-top, from-bottom\/\n        var animation = \"from-left\";\n \n        \/nome do produto\/\n        var product_name = \"\";\n \n        \/frase depois do nome da pessoa\/\n        var phrase = \"acabou de comprar\";\n        var timeout = 4000;\n \n        \/masc, fem, any\/\n        var type_name = \"masc, fem\";\n        var msg_final = \"\";\n \n        var min_time = 4;\n        var max_time = 20;\n \n        var names_masc = ['Bianca', 'Debora', 'Anna', 'Vit\u00f3ria', 'Juliane', 'Angela', 'Isabelle', 'Amanda', 'Katielle', 'Edinamar', 'Meire', 'Marlenne', 'Bruna', 'Juliana', 'Anne', 'Rayssa', 'Claudia', 'Leila', 'Irene', 'Regiane', 'Raylane', 'Franciele', 'Hellen', 'Loayne', 'Luana'];\n        var names_fem = ['Maria', 'Ana', 'Francisca', 'Antonia', 'Adriana', 'Juliana', 'Marcia', 'Fernanda', 'Patricia', 'Aline', 'Sandra', 'Camila', 'Amanda', 'Bruna', 'Jessica', 'Leticia', 'Julia', 'Luciana', 'Vanessa', 'Mariana', 'Gabriela', 'Vera', 'Vitoria', 'Larissa', 'Claudia', 'Beatriz', 'Rita', 'Luana', 'Sonia', 'Renata', 'Eliane'];\n \n        var option = {\n            position: position,\n            cssAnimationStyle: animation,\n            plainText: false,\n            timeout: timeout\n        };\n \n        function show_notification() {\n            if (type_name == \"masc\") {\n                msg_final = \"<strong>\" + names_masc[Math.floor(Math.random() * names_masc.length)] + \"<\/strong>\";\n            } else if (type_name == \"fem\") {\n                msg_final = \"<strong>\" + names_fem[Math.floor(Math.random() * names_fem.length)] + \"<\/strong>\";\n            } else {\n                var array_aux = [\"masc\", \"fem\"];\n \n                if (array_aux[Math.floor(Math.random() * array_aux.length)] == \"masc\") {\n                    msg_final = \"<strong>\" + names_masc[Math.floor(Math.random() * names_masc.length)] + \"<\/strong>\";\n                } else {\n                    msg_final = \"<strong>\" + names_fem[Math.floor(Math.random() * names_fem.length)] + \"<\/strong>\";\n                }\n            }\n \n            msg_final += decodeURIComponent(escape(\" \" + phrase + \" \" + product_name));\n \n            if (color == \"verde\") {\n                Notiflix.Notify.Success(msg_final, option);\n            }\n \n            if (color == \"azul\") {\n                Notiflix.Notify.Info(msg_final, option);\n            }\n \n            if (color == \"vermelho\") {\n                Notiflix.Notify.Failure(msg_final, option);\n            }\n \n            if (color == \"amarelo\") {\n                Notiflix.Notify.Warning(msg_final, option);\n            }\n \n            var rand = Math.floor(Math.random() * (max_time - min_time + 1) + min_time);\n            setTimeout(show_notification, rand * 1000);\n        }\n            setTimeout(show_notification, 4 * 1000);\n<\/script>\t\t\t\t<\/div>\n\t\t\t\t<\/div>\n\t\t\t\t\t<\/div>\n\t\t\t\t<\/div>\n\t\t<div class=\"elementor-element elementor-element-7bb46ed e-flex e-con-boxed e-con e-parent\" data-id=\"7bb46ed\" data-element_type=\"container\" data-settings=\"{&quot;background_background&quot;:&quot;classic&quot;,&quot;shape_divider_top&quot;:&quot;opacity-tilt&quot;}\">\n\t\t\t\t\t<div class=\"e-con-inner\">\n\t\t\t\t<div class=\"elementor-shape elementor-shape-top\" aria-hidden=\"true\" data-negative=\"false\">\n\t\t\t<svg xmlns=\"http:\/\/www.w3.org\/2000\/svg\" viewBox=\"0 0 2600 131.1\" preserveAspectRatio=\"none\">\n\t<path class=\"elementor-shape-fill\" d=\"M0 0L2600 0 2600 69.1 0 0z\"\/>\n\t<path class=\"elementor-shape-fill\" style=\"opacity:0.5\" d=\"M0 0L2600 0 2600 69.1 0 69.1z\"\/>\n\t<path class=\"elementor-shape-fill\" style=\"opacity:0.25\" d=\"M2600 0L0 0 0 130.1 2600 69.1z\"\/>\n<\/svg>\t\t<\/div>\n\t\t\t\t<div class=\"elementor-element elementor-element-72451272 elementor-widget elementor-widget-heading\" data-id=\"72451272\" data-element_type=\"widget\" data-widget_type=\"heading.default\">\n\t\t\t\t<div class=\"elementor-widget-container\">\n\t\t\t\t\t<h2 class=\"elementor-heading-title elementor-size-default\">Digital Premium Treinamentos\n<\/h2>\t\t\t\t<\/div>\n\t\t\t\t<\/div>\n\t\t\t\t<div class=\"elementor-element elementor-element-108a934 elementor-widget elementor-widget-heading\" data-id=\"108a934\" data-element_type=\"widget\" data-widget_type=\"heading.default\">\n\t\t\t\t<div class=\"elementor-widget-container\">\n\t\t\t\t\t<h2 class=\"elementor-heading-title elementor-size-default\">Copyright\u00a9 | Todos os direitos reservados<\/h2>\t\t\t\t<\/div>\n\t\t\t\t<\/div>\n\t\t\t\t\t<\/div>\n\t\t\t\t<\/div>\n\t\t\t\t<\/div>\n\t\t","protected":false},"excerpt":{"rendered":"<p>QUERO ADQUIRIR QUERO ADQUIRIR QUERO ADQUIRIR Aproveite hoje a Oportunidade de Adquirir tudo isso por Apenas R$ 10,00 ADQUIRA AGORA MESMO \u00daLTIMAS VAGAS! TOTAL DE VAGAS PREENCIDAS 86% DE R$79,90 POR R$ 10,00 Pagamento \u00danico COMPRAR AGORA Notifica\u00e7\u00e3o de compra\/ Digital Premium Treinamentos Copyright\u00a9 | Todos os direitos reservados<\/p>\n","protected":false},"author":1,"featured_media":0,"parent":0,"menu_order":0,"comment_status":"closed","ping_status":"closed","template":"elementor_canvas","meta":{"footnotes":""},"class_list":["post-437","page","type-page","status-publish","hentry"],"aioseo_notices":[],"_links":{"self":[{"href":"https:\/\/digitalpremiumoficial.com\/index.php\/wp-json\/wp\/v2\/pages\/437","targetHints":{"allow":["GET"]}}],"collection":[{"href":"https:\/\/digitalpremiumoficial.com\/index.php\/wp-json\/wp\/v2\/pages"}],"about":[{"href":"https:\/\/digitalpremiumoficial.com\/index.php\/wp-json\/wp\/v2\/types\/page"}],"author":[{"embeddable":true,"href":"https:\/\/digitalpremiumoficial.com\/index.php\/wp-json\/wp\/v2\/users\/1"}],"replies":[{"embeddable":true,"href":"https:\/\/digitalpremiumoficial.com\/index.php\/wp-json\/wp\/v2\/comments?post=437"}],"version-history":[{"count":25,"href":"https:\/\/digitalpremiumoficial.com\/index.php\/wp-json\/wp\/v2\/pages\/437\/revisions"}],"predecessor-version":[{"id":468,"href":"https:\/\/digitalpremiumoficial.com\/index.php\/wp-json\/wp\/v2\/pages\/437\/revisions\/468"}],"wp:attachment":[{"href":"https:\/\/digitalpremiumoficial.com\/index.php\/wp-json\/wp\/v2\/media?parent=437"}],"curies":[{"name":"wp","href":"https:\/\/api.w.org\/{rel}","templated":true}]}}