{"id":774,"date":"2025-06-30T00:43:04","date_gmt":"2025-06-30T03:43:04","guid":{"rendered":"https:\/\/digitalpremiumoficial.com\/?page_id=774"},"modified":"2025-06-30T00:59:50","modified_gmt":"2025-06-30T03:59:50","slug":"lashdesigner","status":"publish","type":"page","link":"https:\/\/digitalpremiumoficial.com\/index.php\/lashdesigner\/","title":{"rendered":"PACK LASH DESIGNER"},"content":{"rendered":"\t\t<div data-elementor-type=\"wp-page\" data-elementor-id=\"774\" class=\"elementor elementor-774\">\n\t\t\t\t<div class=\"elementor-element elementor-element-20e16280 e-flex e-con-boxed e-con e-parent\" data-id=\"20e16280\" data-element_type=\"container\" data-settings=\"{&quot;background_background&quot;:&quot;classic&quot;}\">\n\t\t\t\t\t<div class=\"e-con-inner\">\n\t\t\t\t<div class=\"elementor-element elementor-element-7971efc9 elementor-widget elementor-widget-image\" data-id=\"7971efc9\" data-element_type=\"widget\" data-widget_type=\"image.default\">\n\t\t\t\t<div class=\"elementor-widget-container\">\n\t\t\t\t\t\t\t\t\t\t\t\t\t\t\t<img fetchpriority=\"high\" decoding=\"async\" width=\"1024\" height=\"102\" src=\"https:\/\/digitalpremiumoficial.com\/wp-content\/uploads\/2025\/03\/Versao-computador-7-scaled-e1741629982968-1024x102.jpg\" class=\"attachment-large size-large wp-image-761\" alt=\"\" srcset=\"https:\/\/digitalpremiumoficial.com\/wp-content\/uploads\/2025\/03\/Versao-computador-7-scaled-e1741629982968-1024x102.jpg 1024w, https:\/\/digitalpremiumoficial.com\/wp-content\/uploads\/2025\/03\/Versao-computador-7-scaled-e1741629982968-300x30.jpg 300w, https:\/\/digitalpremiumoficial.com\/wp-content\/uploads\/2025\/03\/Versao-computador-7-scaled-e1741629982968-768x76.jpg 768w, https:\/\/digitalpremiumoficial.com\/wp-content\/uploads\/2025\/03\/Versao-computador-7-scaled-e1741629982968-1536x153.jpg 1536w, https:\/\/digitalpremiumoficial.com\/wp-content\/uploads\/2025\/03\/Versao-computador-7-scaled-e1741629982968-2048x204.jpg 2048w\" sizes=\"(max-width: 1024px) 100vw, 1024px\" \/>\t\t\t\t\t\t\t\t\t\t\t\t\t\t\t<\/div>\n\t\t\t\t<\/div>\n\t\t\t\t\t<\/div>\n\t\t\t\t<\/div>\n\t\t<div class=\"elementor-element elementor-element-5462fedf e-con-full elementor-hidden-desktop elementor-hidden-tablet e-flex e-con e-parent\" data-id=\"5462fedf\" data-element_type=\"container\" data-settings=\"{&quot;background_background&quot;:&quot;classic&quot;}\">\n\t\t<div class=\"elementor-element elementor-element-5ffe7221 e-con-full e-flex e-con e-child\" data-id=\"5ffe7221\" data-element_type=\"container\">\n\t\t\t\t<\/div>\n\t\t<div class=\"elementor-element elementor-element-4dada367 e-con-full e-flex e-con e-child\" data-id=\"4dada367\" data-element_type=\"container\">\n\t\t\t\t<\/div>\n\t\t<div class=\"elementor-element elementor-element-65dd148b e-con-full e-flex e-con e-child\" data-id=\"65dd148b\" data-element_type=\"container\">\n\t\t\t\t<div class=\"elementor-element elementor-element-77b74336 elementor-mobile-align-center elementor-align-center elementor-widget elementor-widget-button\" data-id=\"77b74336\" data-element_type=\"widget\" data-widget_type=\"button.default\">\n\t\t\t\t<div class=\"elementor-widget-container\">\n\t\t\t\t\t\t\t\t\t<div class=\"elementor-button-wrapper\">\n\t\t\t\t\t<a class=\"elementor-button elementor-button-link elementor-size-md\" href=\"https:\/\/rmempreendedorismodt.mycartpanda.com\/checkout\/188582118:1\">\n\t\t\t\t\t\t<span class=\"elementor-button-content-wrapper\">\n\t\t\t\t\t\t\t\t\t<span class=\"elementor-button-text\">QUERO ADQUIRIR<\/span>\n\t\t\t\t\t<\/span>\n\t\t\t\t\t<\/a>\n\t\t\t\t<\/div>\n\t\t\t\t\t\t\t\t<\/div>\n\t\t\t\t<\/div>\n\t\t\t\t<\/div>\n\t\t\t\t<\/div>\n\t\t<div class=\"elementor-element elementor-element-184aa718 elementor-hidden-mobile e-flex e-con-boxed e-con e-parent\" data-id=\"184aa718\" data-element_type=\"container\" data-settings=\"{&quot;background_background&quot;:&quot;classic&quot;}\">\n\t\t\t\t\t<div class=\"e-con-inner\">\n\t\t<div class=\"elementor-element elementor-element-539fb9d5 e-con-full e-flex e-con e-child\" data-id=\"539fb9d5\" data-element_type=\"container\">\n\t\t\t\t<\/div>\n\t\t<div class=\"elementor-element elementor-element-18539ce e-con-full e-flex e-con e-child\" data-id=\"18539ce\" data-element_type=\"container\">\n\t\t\t\t<\/div>\n\t\t<div class=\"elementor-element elementor-element-3b442e4f e-con-full e-flex e-con e-child\" data-id=\"3b442e4f\" data-element_type=\"container\">\n\t\t\t\t<div class=\"elementor-element elementor-element-155b2e4b elementor-mobile-align-center elementor-align-center elementor-widget elementor-widget-button\" data-id=\"155b2e4b\" data-element_type=\"widget\" data-widget_type=\"button.default\">\n\t\t\t\t<div class=\"elementor-widget-container\">\n\t\t\t\t\t\t\t\t\t<div class=\"elementor-button-wrapper\">\n\t\t\t\t\t<a class=\"elementor-button elementor-button-link elementor-size-md\" href=\"https:\/\/rmempreendedorismodt.mycartpanda.com\/checkout\/148667083:1\">\n\t\t\t\t\t\t<span class=\"elementor-button-content-wrapper\">\n\t\t\t\t\t\t\t\t\t<span class=\"elementor-button-text\">QUERO ADQUIRIR <\/span>\n\t\t\t\t\t<\/span>\n\t\t\t\t\t<\/a>\n\t\t\t\t<\/div>\n\t\t\t\t\t\t\t\t<\/div>\n\t\t\t\t<\/div>\n\t\t\t\t<\/div>\n\t\t\t\t\t<\/div>\n\t\t\t\t<\/div>\n\t\t<div class=\"elementor-element elementor-element-70d032ee e-flex e-con-boxed e-con e-parent\" data-id=\"70d032ee\" data-element_type=\"container\" data-settings=\"{&quot;background_background&quot;:&quot;classic&quot;}\">\n\t\t\t\t\t<div class=\"e-con-inner\">\n\t\t<div class=\"elementor-element elementor-element-6b5b268b e-con-full e-flex e-con e-child\" data-id=\"6b5b268b\" data-element_type=\"container\">\n\t\t\t\t<div class=\"elementor-element elementor-element-6ae85cd0 elementor-widget elementor-widget-heading\" data-id=\"6ae85cd0\" data-element_type=\"widget\" data-widget_type=\"heading.default\">\n\t\t\t\t<div class=\"elementor-widget-container\">\n\t\t\t\t\t<h2 class=\"elementor-heading-title elementor-size-default\">Destaque-se da concorr\u00eancia com um Feed Atraente e Profissional <\/h2>\t\t\t\t<\/div>\n\t\t\t\t<\/div>\n\t\t\t\t<\/div>\n\t\t\t\t<div class=\"elementor-element elementor-element-2b7b1b7 elementor-widget elementor-widget-image\" data-id=\"2b7b1b7\" data-element_type=\"widget\" data-widget_type=\"image.default\">\n\t\t\t\t<div class=\"elementor-widget-container\">\n\t\t\t\t\t\t\t\t\t\t\t\t\t\t\t<img decoding=\"async\" width=\"1024\" height=\"958\" src=\"https:\/\/digitalpremiumoficial.com\/wp-content\/uploads\/2025\/06\/eDICAO-2188-x-3500-px-9-scaled-e1751253870157-1024x958.png\" class=\"attachment-large size-large wp-image-777\" alt=\"\" srcset=\"https:\/\/digitalpremiumoficial.com\/wp-content\/uploads\/2025\/06\/eDICAO-2188-x-3500-px-9-scaled-e1751253870157-1024x958.png 1024w, https:\/\/digitalpremiumoficial.com\/wp-content\/uploads\/2025\/06\/eDICAO-2188-x-3500-px-9-scaled-e1751253870157-300x281.png 300w, https:\/\/digitalpremiumoficial.com\/wp-content\/uploads\/2025\/06\/eDICAO-2188-x-3500-px-9-scaled-e1751253870157-768x718.png 768w, https:\/\/digitalpremiumoficial.com\/wp-content\/uploads\/2025\/06\/eDICAO-2188-x-3500-px-9-scaled-e1751253870157.png 1310w\" sizes=\"(max-width: 1024px) 100vw, 1024px\" \/>\t\t\t\t\t\t\t\t\t\t\t\t\t\t\t<\/div>\n\t\t\t\t<\/div>\n\t\t\t\t<div class=\"elementor-element elementor-element-15844145 elementor-mobile-align-center elementor-align-center elementor-widget elementor-widget-button\" data-id=\"15844145\" data-element_type=\"widget\" data-widget_type=\"button.default\">\n\t\t\t\t<div class=\"elementor-widget-container\">\n\t\t\t\t\t\t\t\t\t<div class=\"elementor-button-wrapper\">\n\t\t\t\t\t<a class=\"elementor-button elementor-button-link elementor-size-md\" href=\"https:\/\/rmempreendedorismodt.mycartpanda.com\/checkout\/188582118:1\">\n\t\t\t\t\t\t<span class=\"elementor-button-content-wrapper\">\n\t\t\t\t\t\t\t\t\t<span class=\"elementor-button-text\">QUERO ADQUIRIR<\/span>\n\t\t\t\t\t<\/span>\n\t\t\t\t\t<\/a>\n\t\t\t\t<\/div>\n\t\t\t\t\t\t\t\t<\/div>\n\t\t\t\t<\/div>\n\t\t\t\t<div class=\"elementor-element elementor-element-31634f49 elementor-widget elementor-widget-image\" data-id=\"31634f49\" data-element_type=\"widget\" data-widget_type=\"image.default\">\n\t\t\t\t<div class=\"elementor-widget-container\">\n\t\t\t\t\t\t\t\t\t\t\t\t\t\t\t<img decoding=\"async\" width=\"576\" height=\"1024\" src=\"https:\/\/digitalpremiumoficial.com\/wp-content\/uploads\/2025\/06\/DEPOIMENTO-3-576x1024.png\" class=\"attachment-large size-large wp-image-778\" alt=\"\" srcset=\"https:\/\/digitalpremiumoficial.com\/wp-content\/uploads\/2025\/06\/DEPOIMENTO-3-576x1024.png 576w, https:\/\/digitalpremiumoficial.com\/wp-content\/uploads\/2025\/06\/DEPOIMENTO-3-169x300.png 169w, https:\/\/digitalpremiumoficial.com\/wp-content\/uploads\/2025\/06\/DEPOIMENTO-3-768x1365.png 768w, https:\/\/digitalpremiumoficial.com\/wp-content\/uploads\/2025\/06\/DEPOIMENTO-3-864x1536.png 864w, https:\/\/digitalpremiumoficial.com\/wp-content\/uploads\/2025\/06\/DEPOIMENTO-3.png 1080w\" sizes=\"(max-width: 576px) 100vw, 576px\" \/>\t\t\t\t\t\t\t\t\t\t\t\t\t\t\t<\/div>\n\t\t\t\t<\/div>\n\t\t<div class=\"elementor-element elementor-element-1c077675 e-con-full e-flex e-con e-child\" data-id=\"1c077675\" data-element_type=\"container\">\n\t\t\t\t<div class=\"elementor-element elementor-element-c5328a3 elementor-widget elementor-widget-image\" data-id=\"c5328a3\" data-element_type=\"widget\" data-widget_type=\"image.default\">\n\t\t\t\t<div class=\"elementor-widget-container\">\n\t\t\t\t\t\t\t\t\t\t\t\t\t\t\t<img loading=\"lazy\" decoding=\"async\" width=\"811\" height=\"1024\" src=\"https:\/\/digitalpremiumoficial.com\/wp-content\/uploads\/2025\/06\/eDICAO-2188-x-3500-px-10-scaled-e1751254999557-811x1024.png\" class=\"attachment-large size-large wp-image-779\" alt=\"\" srcset=\"https:\/\/digitalpremiumoficial.com\/wp-content\/uploads\/2025\/06\/eDICAO-2188-x-3500-px-10-scaled-e1751254999557-811x1024.png 811w, https:\/\/digitalpremiumoficial.com\/wp-content\/uploads\/2025\/06\/eDICAO-2188-x-3500-px-10-scaled-e1751254999557-238x300.png 238w, https:\/\/digitalpremiumoficial.com\/wp-content\/uploads\/2025\/06\/eDICAO-2188-x-3500-px-10-scaled-e1751254999557-768x970.png 768w, https:\/\/digitalpremiumoficial.com\/wp-content\/uploads\/2025\/06\/eDICAO-2188-x-3500-px-10-scaled-e1751254999557-1216x1536.png 1216w, https:\/\/digitalpremiumoficial.com\/wp-content\/uploads\/2025\/06\/eDICAO-2188-x-3500-px-10-scaled-e1751254999557.png 1574w\" sizes=\"(max-width: 811px) 100vw, 811px\" \/>\t\t\t\t\t\t\t\t\t\t\t\t\t\t\t<\/div>\n\t\t\t\t<\/div>\n\t\t\t\t<\/div>\n\t\t<div class=\"elementor-element elementor-element-204fda2f e-flex e-con-boxed e-con e-child\" data-id=\"204fda2f\" data-element_type=\"container\">\n\t\t\t\t\t<div class=\"e-con-inner\">\n\t\t<div class=\"elementor-element elementor-element-5eb14af7 e-flex e-con-boxed e-con e-child\" data-id=\"5eb14af7\" data-element_type=\"container\">\n\t\t\t\t\t<div class=\"e-con-inner\">\n\t\t\t\t<div class=\"elementor-element elementor-element-c5b5351 elementor-widget elementor-widget-heading\" data-id=\"c5b5351\" data-element_type=\"widget\" data-widget_type=\"heading.default\">\n\t\t\t\t<div class=\"elementor-widget-container\">\n\t\t\t\t\t<h2 class=\"elementor-heading-title elementor-size-default\">ADQUIRA AGORA MESMO <\/h2>\t\t\t\t<\/div>\n\t\t\t\t<\/div>\n\t\t\t\t<div class=\"elementor-element elementor-element-310e31c9 elementor-widget elementor-widget-heading\" data-id=\"310e31c9\" data-element_type=\"widget\" data-widget_type=\"heading.default\">\n\t\t\t\t<div class=\"elementor-widget-container\">\n\t\t\t\t\t<h2 class=\"elementor-heading-title elementor-size-default\">\u00daLTIMAS VAGAS!<\/h2>\t\t\t\t<\/div>\n\t\t\t\t<\/div>\n\t\t\t\t<div class=\"elementor-element elementor-element-b1a34f elementor-widget elementor-widget-progress\" data-id=\"b1a34f\" data-element_type=\"widget\" data-widget_type=\"progress.default\">\n\t\t\t\t<div class=\"elementor-widget-container\">\n\t\t\t\t\t\n\t\t<div class=\"elementor-progress-wrapper\" role=\"progressbar\" aria-valuemin=\"0\" aria-valuemax=\"100\" aria-valuenow=\"86\" aria-valuetext=\"86% (TOTAL DE VAGAS PREENCIDAS )\">\n\t\t\t<div class=\"elementor-progress-bar\" data-max=\"86\">\n\t\t\t\t<span class=\"elementor-progress-text\">TOTAL DE VAGAS PREENCIDAS <\/span>\n\t\t\t\t\t\t\t\t\t<span class=\"elementor-progress-percentage\">86%<\/span>\n\t\t\t\t\t\t\t<\/div>\n\t\t<\/div>\n\t\t\t\t\t\t<\/div>\n\t\t\t\t<\/div>\n\t\t\t\t<div class=\"elementor-element elementor-element-6182d919 elementor-widget elementor-widget-heading\" data-id=\"6182d919\" data-element_type=\"widget\" data-widget_type=\"heading.default\">\n\t\t\t\t<div class=\"elementor-widget-container\">\n\t\t\t\t\t<h2 class=\"elementor-heading-title elementor-size-default\">DE <s>R$97,00<\/s>POR<\/h2>\t\t\t\t<\/div>\n\t\t\t\t<\/div>\n\t\t\t\t<div class=\"elementor-element elementor-element-2a3eec4c elementor-widget elementor-widget-heading\" data-id=\"2a3eec4c\" data-element_type=\"widget\" data-widget_type=\"heading.default\">\n\t\t\t\t<div class=\"elementor-widget-container\">\n\t\t\t\t\t<h2 class=\"elementor-heading-title elementor-size-default\"><b>R$10,00<\/b><\/h2>\t\t\t\t<\/div>\n\t\t\t\t<\/div>\n\t\t\t\t<div class=\"elementor-element elementor-element-5d89bfd8 elementor-widget elementor-widget-heading\" data-id=\"5d89bfd8\" data-element_type=\"widget\" data-widget_type=\"heading.default\">\n\t\t\t\t<div class=\"elementor-widget-container\">\n\t\t\t\t\t<h2 class=\"elementor-heading-title elementor-size-default\">Pagamento \u00danico<\/h2>\t\t\t\t<\/div>\n\t\t\t\t<\/div>\n\t\t\t\t<div class=\"elementor-element elementor-element-4610ab44 elementor-mobile-align-center elementor-align-center elementor-widget elementor-widget-button\" data-id=\"4610ab44\" data-element_type=\"widget\" data-widget_type=\"button.default\">\n\t\t\t\t<div class=\"elementor-widget-container\">\n\t\t\t\t\t\t\t\t\t<div class=\"elementor-button-wrapper\">\n\t\t\t\t\t<a class=\"elementor-button elementor-button-link elementor-size-md\" href=\"https:\/\/rmempreendedorismodt.mycartpanda.com\/checkout\/188582118:1\">\n\t\t\t\t\t\t<span class=\"elementor-button-content-wrapper\">\n\t\t\t\t\t\t\t\t\t<span class=\"elementor-button-text\">COMPRAR AGORA<\/span>\n\t\t\t\t\t<\/span>\n\t\t\t\t\t<\/a>\n\t\t\t\t<\/div>\n\t\t\t\t\t\t\t\t<\/div>\n\t\t\t\t<\/div>\n\t\t\t\t<div class=\"elementor-element elementor-element-77ce037f elementor-widget elementor-widget-image\" data-id=\"77ce037f\" data-element_type=\"widget\" data-widget_type=\"image.default\">\n\t\t\t\t<div class=\"elementor-widget-container\">\n\t\t\t\t\t\t\t\t\t\t\t\t\t\t\t<img loading=\"lazy\" decoding=\"async\" width=\"1024\" height=\"212\" src=\"https:\/\/digitalpremiumoficial.com\/wp-content\/uploads\/2023\/11\/checkout-e1689811201178-1024x212.png\" class=\"attachment-large size-large wp-image-10\" alt=\"\" srcset=\"https:\/\/digitalpremiumoficial.com\/wp-content\/uploads\/2023\/11\/checkout-e1689811201178-1024x212.png 1024w, https:\/\/digitalpremiumoficial.com\/wp-content\/uploads\/2023\/11\/checkout-e1689811201178-300x62.png 300w, https:\/\/digitalpremiumoficial.com\/wp-content\/uploads\/2023\/11\/checkout-e1689811201178-768x159.png 768w, https:\/\/digitalpremiumoficial.com\/wp-content\/uploads\/2023\/11\/checkout-e1689811201178-1536x319.png 1536w, https:\/\/digitalpremiumoficial.com\/wp-content\/uploads\/2023\/11\/checkout-e1689811201178-2048x425.png 2048w\" sizes=\"(max-width: 1024px) 100vw, 1024px\" \/>\t\t\t\t\t\t\t\t\t\t\t\t\t\t\t<\/div>\n\t\t\t\t<\/div>\n\t\t\t\t\t<\/div>\n\t\t\t\t<\/div>\n\t\t\t\t\t<\/div>\n\t\t\t\t<\/div>\n\t\t\t\t<div class=\"elementor-element elementor-element-6a85b1a elementor-widget elementor-widget-html\" data-id=\"6a85b1a\" data-element_type=\"widget\" data-widget_type=\"html.default\">\n\t\t\t\t<div class=\"elementor-widget-container\">\n\t\t\t\t\tNotifica\u00e7\u00e3o de compra\/\n<script src=\"https:\/\/cdn.jsdelivr.net\/npm\/notiflix@2.6.0\/dist\/notiflix-aio-2.6.0.min.js\"><\/script>\n\n       <script> \/right-top, right-bottom, left-top, left-bottom, center-top, center-bottom, center-center\/\n        var position = \"left-bottom\";\n \n        \/verde, azul, vermelho, amarelo\/\n        var color = \"verde\";\n \n        \/fade, zoom, from-right, from-left, from-top, from-bottom\/\n        var animation = \"from-left\";\n \n        \/nome do produto\/\n        var product_name = \"\";\n \n        \/frase depois do nome da pessoa\/\n        var phrase = \"acabou de comprar\";\n        var timeout = 4000;\n \n        \/masc, fem, any\/\n        var type_name = \"masc, fem\";\n        var msg_final = \"\";\n \n        var min_time = 4;\n        var max_time = 20;\n \n        var names_masc = ['Bianca', 'Debora', 'Anna', 'Vit\u00f3ria', 'Juliane', 'Angela', 'Isabelle', 'Amanda', 'Katielle', 'Edinamar', 'Meire', 'Marlenne', 'Bruna', 'Juliana', 'Anne', 'Rayssa', 'Claudia', 'Leila', 'Irene', 'Regiane', 'Raylane', 'Franciele', 'Hellen', 'Loayne', 'Luana'];\n        var names_fem = ['Maria', 'Ana', 'Francisca', 'Antonia', 'Adriana', 'Juliana', 'Marcia', 'Fernanda', 'Patricia', 'Aline', 'Sandra', 'Camila', 'Amanda', 'Bruna', 'Jessica', 'Leticia', 'Julia', 'Luciana', 'Vanessa', 'Mariana', 'Gabriela', 'Vera', 'Vitoria', 'Larissa', 'Claudia', 'Beatriz', 'Rita', 'Luana', 'Sonia', 'Renata', 'Eliane'];\n \n        var option = {\n            position: position,\n            cssAnimationStyle: animation,\n            plainText: false,\n            timeout: timeout\n        };\n \n        function show_notification() {\n            if (type_name == \"masc\") {\n                msg_final = \"<strong>\" + names_masc[Math.floor(Math.random() * names_masc.length)] + \"<\/strong>\";\n            } else if (type_name == \"fem\") {\n                msg_final = \"<strong>\" + names_fem[Math.floor(Math.random() * names_fem.length)] + \"<\/strong>\";\n            } else {\n                var array_aux = [\"masc\", \"fem\"];\n \n                if (array_aux[Math.floor(Math.random() * array_aux.length)] == \"masc\") {\n                    msg_final = \"<strong>\" + names_masc[Math.floor(Math.random() * names_masc.length)] + \"<\/strong>\";\n                } else {\n                    msg_final = \"<strong>\" + names_fem[Math.floor(Math.random() * names_fem.length)] + \"<\/strong>\";\n                }\n            }\n \n            msg_final += decodeURIComponent(escape(\" \" + phrase + \" \" + product_name));\n \n            if (color == \"verde\") {\n                Notiflix.Notify.Success(msg_final, option);\n            }\n \n            if (color == \"azul\") {\n                Notiflix.Notify.Info(msg_final, option);\n            }\n \n            if (color == \"vermelho\") {\n                Notiflix.Notify.Failure(msg_final, option);\n            }\n \n            if (color == \"amarelo\") {\n                Notiflix.Notify.Warning(msg_final, option);\n            }\n \n            var rand = Math.floor(Math.random() * (max_time - min_time + 1) + min_time);\n            setTimeout(show_notification, rand * 1000);\n        }\n            setTimeout(show_notification, 4 * 1000);\n<\/script>\t\t\t\t<\/div>\n\t\t\t\t<\/div>\n\t\t\t\t<div class=\"elementor-element elementor-element-5ac3358e elementor-widget elementor-widget-html\" data-id=\"5ac3358e\" data-element_type=\"widget\" data-widget_type=\"html.default\">\n\t\t\t\t<div class=\"elementor-widget-container\">\n\t\t\t\t\t<script>\r\n  window.pixelId = \"671edd209f6d5a33a0ef127d\";\r\n  var a = document.createElement(\"script\");\r\n  a.setAttribute(\"async\", \"\");\r\n  a.setAttribute(\"defer\", \"\");\r\n  a.setAttribute(\"src\", \"https:\/\/cdn.utmify.com.br\/scripts\/pixel\/pixel.js\");\r\n  document.head.appendChild(a);\r\n<\/script>\t\t\t\t<\/div>\n\t\t\t\t<\/div>\n\t\t\t\t\t<\/div>\n\t\t\t\t<\/div>\n\t\t\t\t<\/div>\n\t\t","protected":false},"excerpt":{"rendered":"<p>QUERO ADQUIRIR QUERO ADQUIRIR Destaque-se da concorr\u00eancia com um Feed Atraente e Profissional QUERO ADQUIRIR ADQUIRA AGORA MESMO \u00daLTIMAS VAGAS! TOTAL DE VAGAS PREENCIDAS 86% DE R$97,00POR R$10,00 Pagamento \u00danico COMPRAR AGORA Notifica\u00e7\u00e3o de compra\/<\/p>\n","protected":false},"author":1,"featured_media":0,"parent":0,"menu_order":0,"comment_status":"closed","ping_status":"closed","template":"elementor_canvas","meta":{"footnotes":""},"class_list":["post-774","page","type-page","status-publish","hentry"],"aioseo_notices":[],"_links":{"self":[{"href":"https:\/\/digitalpremiumoficial.com\/index.php\/wp-json\/wp\/v2\/pages\/774","targetHints":{"allow":["GET"]}}],"collection":[{"href":"https:\/\/digitalpremiumoficial.com\/index.php\/wp-json\/wp\/v2\/pages"}],"about":[{"href":"https:\/\/digitalpremiumoficial.com\/index.php\/wp-json\/wp\/v2\/types\/page"}],"author":[{"embeddable":true,"href":"https:\/\/digitalpremiumoficial.com\/index.php\/wp-json\/wp\/v2\/users\/1"}],"replies":[{"embeddable":true,"href":"https:\/\/digitalpremiumoficial.com\/index.php\/wp-json\/wp\/v2\/comments?post=774"}],"version-history":[{"count":10,"href":"https:\/\/digitalpremiumoficial.com\/index.php\/wp-json\/wp\/v2\/pages\/774\/revisions"}],"predecessor-version":[{"id":791,"href":"https:\/\/digitalpremiumoficial.com\/index.php\/wp-json\/wp\/v2\/pages\/774\/revisions\/791"}],"wp:attachment":[{"href":"https:\/\/digitalpremiumoficial.com\/index.php\/wp-json\/wp\/v2\/media?parent=774"}],"curies":[{"name":"wp","href":"https:\/\/api.w.org\/{rel}","templated":true}]}}